{"id":29,"date":"2023-01-31T00:34:23","date_gmt":"2023-01-30T21:34:23","guid":{"rendered":"https:\/\/strifor.org\/?page_id=29"},"modified":"2026-04-22T18:14:14","modified_gmt":"2026-04-22T15:14:14","slug":"metatrader-5","status":"publish","type":"page","link":"https:\/\/www.strifor.org\/ru\/metatrader-5\/","title":{"rendered":"Metatrader 5"},"content":{"rendered":"","protected":false},"excerpt":{"rendered":"","protected":false},"author":1,"featured_media":0,"parent":0,"menu_order":0,"comment_status":"closed","ping_status":"closed","template":"templates\/metatrader.php","meta":{"footnotes":""},"class_list":["post-29","page","type-page","status-publish","hentry"],"yoast_head":"<!-- This site is optimized with the Yoast SEO plugin v27.4 - https:\/\/yoast.com\/product\/yoast-seo-wordpress\/ -->\n<title>\u041f\u043b\u0430\u0442\u0444\u043e\u0440\u043c\u0430 \u0442\u0440\u0435\u0439\u0434\u0438\u043d\u0433\u0430 MetaTrader 5. \u0422\u043e\u0440\u0433\u043e\u0432\u044b\u0435 \u0438\u043d\u0441\u0442\u0440\u0443\u043c\u0435\u043d\u0442\u044b CFD \u0441 \u0431\u0440\u043e\u043a\u0435\u0440\u043e\u043c Strifor.<\/title>\n<meta name=\"description\" content=\"Strifor \u043f\u0440\u0435\u0434\u043b\u0430\u0433\u0430\u0435\u0442 \u0441\u043e\u0432\u0440\u0435\u043c\u0435\u043d\u043d\u044b\u0435 \u0442\u043e\u0440\u0433\u043e\u0432\u044b\u0435 \u0438\u043d\u0441\u0442\u0440\u0443\u043c\u0435\u043d\u0442\u044b, \u043e\u043f\u0446\u0438\u043e\u043d\u044b \u0438 CFD. Metatrader 5 forex \u0442\u0440\u0435\u0439\u0434\u0438\u043d\u0433 \u0441\u043a\u0430\u0447\u0430\u0442\u044c \u0434\u043b\u044f \u0434\u0435\u0441\u043a\u0442\u043e\u043f\u0430 \u0438 \u043c\u043e\u0431\u0438\u043b\u044c\u043d\u043e\u0433\u043e (\u043f\u043e\u0434 Windows \u0438\u043b\u0438 MacOs). \u0411\u0430\u0437\u0430 \u0441\u0438\u0433\u043d\u0430\u043b\u043e\u0432 \u0438 \u0441\u043e\u0432\u0435\u0442\u043d\u0438\u043a\u043e\u0432. 6 \u0442\u0438\u043f\u043e\u0432 \u043e\u0442\u043b\u043e\u0436\u0435\u043d\u043d\u044b\u0445 \u043e\u0440\u0434\u0435\u0440\u043e\u0432.\" \/>\n<meta name=\"robots\" content=\"index, follow, max-snippet:-1, max-image-preview:large, max-video-preview:-1\" \/>\n<link rel=\"canonical\" href=\"https:\/\/strifor.org\/es\/metatrader-5\/\" \/>\n<meta property=\"og:locale\" content=\"ru_RU\" \/>\n<meta property=\"og:locale:alternate\" content=\"en_US\" \/>\n<meta property=\"og:locale:alternate\" content=\"es_ES\" \/>\n<meta property=\"og:locale:alternate\" content=\"rs_RS\" \/>\n<meta property=\"og:type\" content=\"article\" \/>\n<meta property=\"og:title\" content=\"\u041f\u043b\u0430\u0442\u0444\u043e\u0440\u043c\u0430 \u0442\u0440\u0435\u0439\u0434\u0438\u043d\u0433\u0430 MetaTrader 5. \u0422\u043e\u0440\u0433\u043e\u0432\u044b\u0435 \u0438\u043d\u0441\u0442\u0440\u0443\u043c\u0435\u043d\u0442\u044b CFD \u0441 \u0431\u0440\u043e\u043a\u0435\u0440\u043e\u043c Strifor.\" \/>\n<meta property=\"og:description\" content=\"Strifor \u043f\u0440\u0435\u0434\u043b\u0430\u0433\u0430\u0435\u0442 \u0441\u043e\u0432\u0440\u0435\u043c\u0435\u043d\u043d\u044b\u0435 \u0442\u043e\u0440\u0433\u043e\u0432\u044b\u0435 \u0438\u043d\u0441\u0442\u0440\u0443\u043c\u0435\u043d\u0442\u044b, \u043e\u043f\u0446\u0438\u043e\u043d\u044b \u0438 CFD. Metatrader 5 forex \u0442\u0440\u0435\u0439\u0434\u0438\u043d\u0433 \u0441\u043a\u0430\u0447\u0430\u0442\u044c \u0434\u043b\u044f \u0434\u0435\u0441\u043a\u0442\u043e\u043f\u0430 \u0438 \u043c\u043e\u0431\u0438\u043b\u044c\u043d\u043e\u0433\u043e (\u043f\u043e\u0434 Windows \u0438\u043b\u0438 MacOs). \u0411\u0430\u0437\u0430 \u0441\u0438\u0433\u043d\u0430\u043b\u043e\u0432 \u0438 \u0441\u043e\u0432\u0435\u0442\u043d\u0438\u043a\u043e\u0432. 6 \u0442\u0438\u043f\u043e\u0432 \u043e\u0442\u043b\u043e\u0436\u0435\u043d\u043d\u044b\u0445 \u043e\u0440\u0434\u0435\u0440\u043e\u0432.\" \/>\n<meta property=\"og:url\" content=\"https:\/\/www.strifor.org\/ru\/metatrader-5\/\" \/>\n<meta property=\"og:site_name\" content=\"Strifor - Trading Forex, Crypto CFD. We always pay.\" \/>\n<meta property=\"article:modified_time\" content=\"2026-04-22T15:14:14+00:00\" \/>\n<meta name=\"twitter:card\" content=\"summary_large_image\" \/>\n<script type=\"application\/ld+json\" class=\"yoast-schema-graph\">{\"@context\":\"https:\\\/\\\/schema.org\",\"@graph\":[{\"@type\":\"WebPage\",\"@id\":\"https:\\\/\\\/strifor.org\\\/es\\\/metatrader-5\\\/\",\"url\":\"https:\\\/\\\/strifor.org\\\/es\\\/metatrader-5\\\/\",\"name\":\"\u041f\u043b\u0430\u0442\u0444\u043e\u0440\u043c\u0430 \u0442\u0440\u0435\u0439\u0434\u0438\u043d\u0433\u0430 MetaTrader 5. \u0422\u043e\u0440\u0433\u043e\u0432\u044b\u0435 \u0438\u043d\u0441\u0442\u0440\u0443\u043c\u0435\u043d\u0442\u044b CFD \u0441 \u0431\u0440\u043e\u043a\u0435\u0440\u043e\u043c Strifor.\",\"isPartOf\":{\"@id\":\"https:\\\/\\\/www.strifor.org\\\/#website\"},\"datePublished\":\"2023-01-30T21:34:23+00:00\",\"dateModified\":\"2026-04-22T15:14:14+00:00\",\"description\":\"Strifor \u043f\u0440\u0435\u0434\u043b\u0430\u0433\u0430\u0435\u0442 \u0441\u043e\u0432\u0440\u0435\u043c\u0435\u043d\u043d\u044b\u0435 \u0442\u043e\u0440\u0433\u043e\u0432\u044b\u0435 \u0438\u043d\u0441\u0442\u0440\u0443\u043c\u0435\u043d\u0442\u044b, \u043e\u043f\u0446\u0438\u043e\u043d\u044b \u0438 CFD. Metatrader 5 forex \u0442\u0440\u0435\u0439\u0434\u0438\u043d\u0433 \u0441\u043a\u0430\u0447\u0430\u0442\u044c \u0434\u043b\u044f \u0434\u0435\u0441\u043a\u0442\u043e\u043f\u0430 \u0438 \u043c\u043e\u0431\u0438\u043b\u044c\u043d\u043e\u0433\u043e (\u043f\u043e\u0434 Windows \u0438\u043b\u0438 MacOs). \u0411\u0430\u0437\u0430 \u0441\u0438\u0433\u043d\u0430\u043b\u043e\u0432 \u0438 \u0441\u043e\u0432\u0435\u0442\u043d\u0438\u043a\u043e\u0432. 6 \u0442\u0438\u043f\u043e\u0432 \u043e\u0442\u043b\u043e\u0436\u0435\u043d\u043d\u044b\u0445 \u043e\u0440\u0434\u0435\u0440\u043e\u0432.\",\"breadcrumb\":{\"@id\":\"https:\\\/\\\/strifor.org\\\/es\\\/metatrader-5\\\/#breadcrumb\"},\"inLanguage\":\"ru-RU\",\"potentialAction\":[{\"@type\":\"ReadAction\",\"target\":[\"https:\\\/\\\/strifor.org\\\/es\\\/metatrader-5\\\/\"]}]},{\"@type\":\"BreadcrumbList\",\"@id\":\"https:\\\/\\\/strifor.org\\\/es\\\/metatrader-5\\\/#breadcrumb\",\"itemListElement\":[{\"@type\":\"ListItem\",\"position\":1,\"name\":\"\u0413\u043b\u0430\u0432\u043d\u0430\u044f \u0441\u0442\u0440\u0430\u043d\u0438\u0446\u0430\",\"item\":\"https:\\\/\\\/strifor.org\\\/es\\\/\"},{\"@type\":\"ListItem\",\"position\":2,\"name\":\"Metatrader 5\"}]},{\"@type\":\"WebSite\",\"@id\":\"https:\\\/\\\/www.strifor.org\\\/#website\",\"url\":\"https:\\\/\\\/www.strifor.org\\\/\",\"name\":\"Strifor - Trading Forex, Crypto CFD. We always pay.\",\"description\":\"\",\"potentialAction\":[{\"@type\":\"SearchAction\",\"target\":{\"@type\":\"EntryPoint\",\"urlTemplate\":\"https:\\\/\\\/www.strifor.org\\\/?s={search_term_string}\"},\"query-input\":{\"@type\":\"PropertyValueSpecification\",\"valueRequired\":true,\"valueName\":\"search_term_string\"}}],\"inLanguage\":\"ru-RU\"}]}<\/script>\n<!-- \/ Yoast SEO plugin. -->","yoast_head_json":{"title":"\u041f\u043b\u0430\u0442\u0444\u043e\u0440\u043c\u0430 \u0442\u0440\u0435\u0439\u0434\u0438\u043d\u0433\u0430 MetaTrader 5. \u0422\u043e\u0440\u0433\u043e\u0432\u044b\u0435 \u0438\u043d\u0441\u0442\u0440\u0443\u043c\u0435\u043d\u0442\u044b CFD \u0441 \u0431\u0440\u043e\u043a\u0435\u0440\u043e\u043c Strifor.","description":"Strifor \u043f\u0440\u0435\u0434\u043b\u0430\u0433\u0430\u0435\u0442 \u0441\u043e\u0432\u0440\u0435\u043c\u0435\u043d\u043d\u044b\u0435 \u0442\u043e\u0440\u0433\u043e\u0432\u044b\u0435 \u0438\u043d\u0441\u0442\u0440\u0443\u043c\u0435\u043d\u0442\u044b, \u043e\u043f\u0446\u0438\u043e\u043d\u044b \u0438 CFD. Metatrader 5 forex \u0442\u0440\u0435\u0439\u0434\u0438\u043d\u0433 \u0441\u043a\u0430\u0447\u0430\u0442\u044c \u0434\u043b\u044f \u0434\u0435\u0441\u043a\u0442\u043e\u043f\u0430 \u0438 \u043c\u043e\u0431\u0438\u043b\u044c\u043d\u043e\u0433\u043e (\u043f\u043e\u0434 Windows \u0438\u043b\u0438 MacOs). \u0411\u0430\u0437\u0430 \u0441\u0438\u0433\u043d\u0430\u043b\u043e\u0432 \u0438 \u0441\u043e\u0432\u0435\u0442\u043d\u0438\u043a\u043e\u0432. 6 \u0442\u0438\u043f\u043e\u0432 \u043e\u0442\u043b\u043e\u0436\u0435\u043d\u043d\u044b\u0445 \u043e\u0440\u0434\u0435\u0440\u043e\u0432.","robots":{"index":"index","follow":"follow","max-snippet":"max-snippet:-1","max-image-preview":"max-image-preview:large","max-video-preview":"max-video-preview:-1"},"canonical":"https:\/\/strifor.org\/es\/metatrader-5\/","og_locale":"ru_RU","og_type":"article","og_title":"[:en]MetaTrader 5 trading platform. CFD trading instruments with Strifor broker.[:ru]\u041f\u043b\u0430\u0442\u0444\u043e\u0440\u043c\u0430 \u0442\u0440\u0435\u0439\u0434\u0438\u043d\u0433\u0430 MetaTrader 5. \u0422\u043e\u0440\u0433\u043e\u0432\u044b\u0435 \u0438\u043d\u0441\u0442\u0440\u0443\u043c\u0435\u043d\u0442\u044b CFD \u0441 \u0431\u0440\u043e\u043a\u0435\u0440\u043e\u043c Strifor.[:es]Plataforma de negociaci\u00f3n MetaTrader 5. Instrumentos de negociaci\u00f3n CFD con el br\u00f3ker Strifor.[:rs]\u041c\u0435\u0442\u0430\u0422\u0440\u0430\u0434\u0435\u0440 5 \u043f\u043b\u0430\u0442\u0444\u043e\u0440\u043c\u0430 \u0437\u0430 \u0442\u0440\u0433\u043e\u0432\u0430\u045a\u0435 CFD-\u043e\u043c \u0441\u0430 \u0421\u0442\u0440\u0438\u0444\u043e\u0440 \u0431\u0440\u043e\u043a\u0435\u0440\u043e\u043c.[:]","og_description":"[:en]Strifor offers modern trading tools, options and CFDs. Metatrader 5 forex trading download for desktop and mobile (Windows or MacOs). Database of signals and Expert Advisors. 6 types of pending orders.[:ru]Strifor \u043f\u0440\u0435\u0434\u043b\u0430\u0433\u0430\u0435\u0442 \u0441\u043e\u0432\u0440\u0435\u043c\u0435\u043d\u043d\u044b\u0435 \u0442\u043e\u0440\u0433\u043e\u0432\u044b\u0435 \u0438\u043d\u0441\u0442\u0440\u0443\u043c\u0435\u043d\u0442\u044b, \u043e\u043f\u0446\u0438\u043e\u043d\u044b \u0438 CFD. Metatrader 5 forex \u0442\u0440\u0435\u0439\u0434\u0438\u043d\u0433 \u0441\u043a\u0430\u0447\u0430\u0442\u044c \u0434\u043b\u044f \u0434\u0435\u0441\u043a\u0442\u043e\u043f\u0430 \u0438 \u043c\u043e\u0431\u0438\u043b\u044c\u043d\u043e\u0433\u043e (\u043f\u043e\u0434 Windows \u0438\u043b\u0438 MacOs). \u0411\u0430\u0437\u0430 \u0441\u0438\u0433\u043d\u0430\u043b\u043e\u0432 \u0438 \u0441\u043e\u0432\u0435\u0442\u043d\u0438\u043a\u043e\u0432. 6 \u0442\u0438\u043f\u043e\u0432 \u043e\u0442\u043b\u043e\u0436\u0435\u043d\u043d\u044b\u0445 \u043e\u0440\u0434\u0435\u0440\u043e\u0432.[:es]Strifor ofrece modernas herramientas de negociaci\u00f3n, opciones y CFD. Metatrader 5 forex trading descarga para escritorio y m\u00f3vil (Windows o MacOs). Base de datos de se\u00f1ales y Asesores Expertos. 6 tipos de \u00f3rdenes pendientes.[:rs]\u0421\u0442\u0440\u0438\u0444\u043e\u0440 \u043d\u0443\u0434\u0438 \u043c\u043e\u0434\u0435\u0440\u043d\u0435 \u0430\u043b\u0430\u0442\u0435 \u0437\u0430 \u0442\u0440\u0433\u043e\u0432\u0430\u045a\u0435, \u043e\u043f\u0446\u0438\u0458\u0435 \u0438 CFD-\u043e\u0432\u0435. \u041f\u0440\u0435\u0443\u0437\u0438\u043c\u0430\u045a\u0435 \u041c\u0435\u0442\u0430\u0442\u0440\u0430\u0434\u0435\u0440 5 \u0444\u043e\u0440\u0435\u043a \u0442\u0440\u0433\u043e\u0432\u0430\u045a\u0430 \u0437\u0430 \u0434\u0435\u0441\u043a\u0442\u043e\u043f \u0438 \u043c\u043e\u0431\u0438\u043b\u043d\u0435 \u0443\u0440\u0435\u0452\u0430\u0458\u0435 (\u0412\u0438\u043d\u0434\u043e\u0432\u0441 \u0438\u043b\u0438 \u041c\u0430\u0446\u041e\u0441). \u0411\u0430\u0437\u0430 \u0441\u0438\u0433\u043d\u0430\u043b\u0430 \u0438 \u0441\u0430\u0432\u0435\u0442\u043d\u0438\u043a\u0430. 6 \u0432\u0440\u0441\u0442\u0430 \u043d\u0430\u043b\u043e\u0433\u0430 \u043d\u0430 \u0447\u0435\u043a\u0430\u045a\u0443.[:]","og_url":"https:\/\/www.strifor.org\/ru\/metatrader-5\/","og_site_name":"Strifor - Trading Forex, Crypto CFD. We always pay.","article_modified_time":"2026-04-22T15:14:14+00:00","twitter_card":"summary_large_image","schema":{"@context":"https:\/\/schema.org","@graph":[{"@type":"WebPage","@id":"https:\/\/strifor.org\/es\/metatrader-5\/","url":"https:\/\/strifor.org\/es\/metatrader-5\/","name":"\u041f\u043b\u0430\u0442\u0444\u043e\u0440\u043c\u0430 \u0442\u0440\u0435\u0439\u0434\u0438\u043d\u0433\u0430 MetaTrader 5. \u0422\u043e\u0440\u0433\u043e\u0432\u044b\u0435 \u0438\u043d\u0441\u0442\u0440\u0443\u043c\u0435\u043d\u0442\u044b CFD \u0441 \u0431\u0440\u043e\u043a\u0435\u0440\u043e\u043c Strifor.","isPartOf":{"@id":"https:\/\/www.strifor.org\/#website"},"datePublished":"2023-01-30T21:34:23+00:00","dateModified":"2026-04-22T15:14:14+00:00","description":"Strifor \u043f\u0440\u0435\u0434\u043b\u0430\u0433\u0430\u0435\u0442 \u0441\u043e\u0432\u0440\u0435\u043c\u0435\u043d\u043d\u044b\u0435 \u0442\u043e\u0440\u0433\u043e\u0432\u044b\u0435 \u0438\u043d\u0441\u0442\u0440\u0443\u043c\u0435\u043d\u0442\u044b, \u043e\u043f\u0446\u0438\u043e\u043d\u044b \u0438 CFD. Metatrader 5 forex \u0442\u0440\u0435\u0439\u0434\u0438\u043d\u0433 \u0441\u043a\u0430\u0447\u0430\u0442\u044c \u0434\u043b\u044f \u0434\u0435\u0441\u043a\u0442\u043e\u043f\u0430 \u0438 \u043c\u043e\u0431\u0438\u043b\u044c\u043d\u043e\u0433\u043e (\u043f\u043e\u0434 Windows \u0438\u043b\u0438 MacOs). \u0411\u0430\u0437\u0430 \u0441\u0438\u0433\u043d\u0430\u043b\u043e\u0432 \u0438 \u0441\u043e\u0432\u0435\u0442\u043d\u0438\u043a\u043e\u0432. 6 \u0442\u0438\u043f\u043e\u0432 \u043e\u0442\u043b\u043e\u0436\u0435\u043d\u043d\u044b\u0445 \u043e\u0440\u0434\u0435\u0440\u043e\u0432.","breadcrumb":{"@id":"https:\/\/strifor.org\/es\/metatrader-5\/#breadcrumb"},"inLanguage":"ru-RU","potentialAction":[{"@type":"ReadAction","target":["https:\/\/strifor.org\/es\/metatrader-5\/"]}]},{"@type":"BreadcrumbList","@id":"https:\/\/strifor.org\/es\/metatrader-5\/#breadcrumb","itemListElement":[{"@type":"ListItem","position":1,"name":"\u0413\u043b\u0430\u0432\u043d\u0430\u044f \u0441\u0442\u0440\u0430\u043d\u0438\u0446\u0430","item":"https:\/\/strifor.org\/es\/"},{"@type":"ListItem","position":2,"name":"Metatrader 5"}]},{"@type":"WebSite","@id":"https:\/\/www.strifor.org\/#website","url":"https:\/\/www.strifor.org\/","name":"Strifor - Trading Forex, Crypto CFD. We always pay.","description":"","potentialAction":[{"@type":"SearchAction","target":{"@type":"EntryPoint","urlTemplate":"https:\/\/www.strifor.org\/?s={search_term_string}"},"query-input":{"@type":"PropertyValueSpecification","valueRequired":true,"valueName":"search_term_string"}}],"inLanguage":"ru-RU"}]}},"_links":{"self":[{"href":"https:\/\/www.strifor.org\/ru\/wp-json\/wp\/v2\/pages\/29","targetHints":{"allow":["GET"]}}],"collection":[{"href":"https:\/\/www.strifor.org\/ru\/wp-json\/wp\/v2\/pages"}],"about":[{"href":"https:\/\/www.strifor.org\/ru\/wp-json\/wp\/v2\/types\/page"}],"author":[{"embeddable":true,"href":"https:\/\/www.strifor.org\/ru\/wp-json\/wp\/v2\/users\/1"}],"replies":[{"embeddable":true,"href":"https:\/\/www.strifor.org\/ru\/wp-json\/wp\/v2\/comments?post=29"}],"version-history":[{"count":0,"href":"https:\/\/www.strifor.org\/ru\/wp-json\/wp\/v2\/pages\/29\/revisions"}],"wp:attachment":[{"href":"https:\/\/www.strifor.org\/ru\/wp-json\/wp\/v2\/media?parent=29"}],"curies":[{"name":"wp","href":"https:\/\/api.w.org\/{rel}","templated":true}]}}