{"id":15,"date":"2023-01-31T00:15:08","date_gmt":"2023-01-30T21:15:08","guid":{"rendered":"https:\/\/strifor.org\/?page_id=15"},"modified":"2026-04-22T17:55:11","modified_gmt":"2026-04-22T14:55:11","slug":"instruments-and-specification","status":"publish","type":"page","link":"https:\/\/www.strifor.org\/es\/instruments-and-specification\/","title":{"rendered":"Instruments and Specification"},"content":{"rendered":"","protected":false},"excerpt":{"rendered":"","protected":false},"author":1,"featured_media":0,"parent":0,"menu_order":0,"comment_status":"closed","ping_status":"closed","template":"templates\/instruments.php","meta":{"footnotes":""},"class_list":["post-15","page","type-page","status-publish","hentry"],"yoast_head":"<!-- This site is optimized with the Yoast SEO plugin v27.4 - https:\/\/yoast.com\/product\/yoast-seo-wordpress\/ -->\n<title>Trading tools in trading from Strifor multi-bHerramientas de negociaci\u00f3n en el comercio de Strifor multi-broker.<\/title>\n<meta name=\"description\" content=\"More than 250 trading instruments. Trade fiat instruments, Crypto CFDs, stocks, metals, commodities, indices, Forex offers Strifor multi-broker.M\u00e1s de 250 instrumentos de negociaci\u00f3n. Instrumentos de comercio fiat, Crypto CFDs, acciones, metales, materias primas, \u00edndices, Forex ofrece Strifor multi-broker.\" \/>\n<meta name=\"robots\" content=\"index, follow, max-snippet:-1, max-image-preview:large, max-video-preview:-1\" \/>\n<link rel=\"canonical\" href=\"https:\/\/strifor.org\/es\/instruments-and-specification\/\" \/>\n<meta property=\"og:locale\" content=\"es_ES\" \/>\n<meta property=\"og:locale:alternate\" content=\"en_US\" \/>\n<meta property=\"og:locale:alternate\" content=\"ru_RU\" \/>\n<meta property=\"og:locale:alternate\" content=\"rs_RS\" \/>\n<meta property=\"og:type\" content=\"article\" \/>\n<meta property=\"og:title\" content=\"Trading tools in trading from Strifor multi-bHerramientas de negociaci\u00f3n en el comercio de Strifor multi-broker.\" \/>\n<meta property=\"og:description\" content=\"More than 250 trading instruments. Trade fiat instruments, Crypto CFDs, stocks, metals, commodities, indices, Forex offers Strifor multi-broker.M\u00e1s de 250 instrumentos de negociaci\u00f3n. Instrumentos de comercio fiat, Crypto CFDs, acciones, metales, materias primas, \u00edndices, Forex ofrece Strifor multi-broker.\" \/>\n<meta property=\"og:url\" content=\"https:\/\/www.strifor.org\/es\/instruments-and-specification\/\" \/>\n<meta property=\"og:site_name\" content=\"Strifor - Trading Forex, Crypto CFD. We always pay.\" \/>\n<meta property=\"article:modified_time\" content=\"2026-04-22T14:55:11+00:00\" \/>\n<meta name=\"twitter:card\" content=\"summary_large_image\" \/>\n<script type=\"application\/ld+json\" class=\"yoast-schema-graph\">{\"@context\":\"https:\\\/\\\/schema.org\",\"@graph\":[{\"@type\":\"WebPage\",\"@id\":\"https:\\\/\\\/strifor.org\\\/es\\\/instruments-and-specification\\\/\",\"url\":\"https:\\\/\\\/strifor.org\\\/es\\\/instruments-and-specification\\\/\",\"name\":\"Trading tools in trading from Strifor multi-bHerramientas de negociaci\u00f3n en el comercio de Strifor multi-broker.\",\"isPartOf\":{\"@id\":\"https:\\\/\\\/www.strifor.org\\\/#website\"},\"datePublished\":\"2023-01-30T21:15:08+00:00\",\"dateModified\":\"2026-04-22T14:55:11+00:00\",\"description\":\"More than 250 trading instruments. Trade fiat instruments, Crypto CFDs, stocks, metals, commodities, indices, Forex offers Strifor multi-broker.M\u00e1s de 250 instrumentos de negociaci\u00f3n. Instrumentos de comercio fiat, Crypto CFDs, acciones, metales, materias primas, \u00edndices, Forex ofrece Strifor multi-broker.\",\"breadcrumb\":{\"@id\":\"https:\\\/\\\/strifor.org\\\/es\\\/instruments-and-specification\\\/#breadcrumb\"},\"inLanguage\":\"es-ES\",\"potentialAction\":[{\"@type\":\"ReadAction\",\"target\":[\"https:\\\/\\\/strifor.org\\\/es\\\/instruments-and-specification\\\/\"]}]},{\"@type\":\"BreadcrumbList\",\"@id\":\"https:\\\/\\\/strifor.org\\\/es\\\/instruments-and-specification\\\/#breadcrumb\",\"itemListElement\":[{\"@type\":\"ListItem\",\"position\":1,\"name\":\"\u0413\u043b\u0430\u0432\u043d\u0430\u044f \u0441\u0442\u0440\u0430\u043d\u0438\u0446\u0430\",\"item\":\"https:\\\/\\\/strifor.org\\\/es\\\/\"},{\"@type\":\"ListItem\",\"position\":2,\"name\":\"Instruments and Specification\"}]},{\"@type\":\"WebSite\",\"@id\":\"https:\\\/\\\/www.strifor.org\\\/#website\",\"url\":\"https:\\\/\\\/www.strifor.org\\\/\",\"name\":\"Strifor - Trading Forex, Crypto CFD. We always pay.\",\"description\":\"\",\"potentialAction\":[{\"@type\":\"SearchAction\",\"target\":{\"@type\":\"EntryPoint\",\"urlTemplate\":\"https:\\\/\\\/www.strifor.org\\\/?s={search_term_string}\"},\"query-input\":{\"@type\":\"PropertyValueSpecification\",\"valueRequired\":true,\"valueName\":\"search_term_string\"}}],\"inLanguage\":\"es-ES\"}]}<\/script>\n<!-- \/ Yoast SEO plugin. -->","yoast_head_json":{"title":"Trading tools in trading from Strifor multi-bHerramientas de negociaci\u00f3n en el comercio de Strifor multi-broker.","description":"More than 250 trading instruments. Trade fiat instruments, Crypto CFDs, stocks, metals, commodities, indices, Forex offers Strifor multi-broker.M\u00e1s de 250 instrumentos de negociaci\u00f3n. Instrumentos de comercio fiat, Crypto CFDs, acciones, metales, materias primas, \u00edndices, Forex ofrece Strifor multi-broker.","robots":{"index":"index","follow":"follow","max-snippet":"max-snippet:-1","max-image-preview":"max-image-preview:large","max-video-preview":"max-video-preview:-1"},"canonical":"https:\/\/strifor.org\/es\/instruments-and-specification\/","og_locale":"es_ES","og_type":"article","og_title":"[:en]Trading tools in trading from Strifor multi-broker.[:ru]\u0422\u043e\u0440\u0433\u043e\u0432\u044b\u0435 \u0438\u043d\u0441\u0442\u0440\u0443\u043c\u0435\u043d\u0442\u044b \u0432 \u0442\u0440\u0435\u0439\u0434\u0438\u043d\u0433\u0435 \u043e\u0442 \u043c\u0443\u043b\u044c\u0442\u0438\u0431\u0440\u043e\u043a\u0435\u0440\u0430 Strifor.[:es]Trading tools in trading from Strifor multi-bHerramientas de negociaci\u00f3n en el comercio de Strifor multi-broker.[:rs]Trading tools in trading from Strifor multi-broker.\u0410\u043b\u0430\u0442\u0438 \u0437\u0430 \u0442\u0440\u0433\u043e\u0432\u0430\u045a\u0435 \u0441\u0430 \u0432\u0438\u0448\u0435 \u0431\u0440\u043e\u043a\u0435\u0440\u0430 \u0421\u0442\u0440\u0438\u0444\u043e\u0440.[:]","og_description":"[:en]More than 250 trading instruments. Trade fiat instruments, Crypto CFDs, stocks, metals, commodities, indices, Forex offers Strifor multi-broker.[:ru]\u0411\u043e\u043b\u0435\u0435 250 \u0442\u043e\u0440\u0433\u043e\u0432\u044b\u0445 \u0438\u043d\u0441\u0442\u0440\u0443\u043c\u0435\u043d\u0442\u043e\u0432. \u0422\u043e\u0440\u0433\u0443\u0439\u0442\u0435 \u0444\u0438\u0430\u0442\u043d\u044b\u043c\u0438 \u0438\u043d\u0441\u0442\u0440\u0443\u043c\u0435\u043d\u0442\u0430\u043c\u0438, Crypto CFD, \u0430\u043a\u0446\u0438\u044f\u043c\u0438, \u043c\u0435\u0442\u0430\u043b\u043b\u0430\u043c\u0438, \u0442\u043e\u0432\u0430\u0440\u0430\u043c\u0438, \u0438\u043d\u0434\u0435\u043a\u0441\u0430\u043c\u0438, Forex \u043f\u0440\u0435\u0434\u043b\u0430\u0433\u0430\u0435\u0442 \u043c\u0443\u043b\u044c\u0442\u0438\u0431\u0440\u043e\u043a\u0435\u0440 Strifor.[:es]More than 250 trading instruments. Trade fiat instruments, Crypto CFDs, stocks, metals, commodities, indices, Forex offers Strifor multi-broker.M\u00e1s de 250 instrumentos de negociaci\u00f3n. Instrumentos de comercio fiat, Crypto CFDs, acciones, metales, materias primas, \u00edndices, Forex ofrece Strifor multi-broker.[:rs]More than 250 trading instruments. Trade fiat instruments, Crypto CFDs, stocks, metals, commodities, indices, Forex offers Strifor mult\u0412\u0438\u0448\u0435 \u043e\u0434 250 \u0442\u0440\u0433\u043e\u0432\u0430\u0447\u043a\u0438\u0445 \u0438\u043d\u0441\u0442\u0440\u0443\u043c\u0435\u043d\u0430\u0442\u0430. \u0422\u0440\u0433\u0443\u0458\u0442\u0435 \u0444\u0438\u0430\u0442 \u0438\u043d\u0441\u0442\u0440\u0443\u043c\u0435\u043d\u0442\u0438\u043c\u0430, \u043a\u0440\u0438\u043f\u0442\u043e CFD-\u0438\u043c\u0430, \u0430\u043a\u0446\u0438\u0458\u0430\u043c\u0430, \u043c\u0435\u0442\u0430\u043b\u0438\u043c\u0430, \u0440\u043e\u0431\u043e\u043c, \u0438\u043d\u0434\u0435\u043a\u0441\u0438\u043c\u0430, \u0424\u043e\u0440\u0435\u043a \u043d\u0443\u0434\u0438 \u043c\u0443\u043b\u0442\u0438-\u0431\u0440\u043e\u043a\u0435\u0440 \u0421\u0442\u0440\u0438\u0444\u043e\u0440.-broker.[:]","og_url":"https:\/\/www.strifor.org\/es\/instruments-and-specification\/","og_site_name":"Strifor - Trading Forex, Crypto CFD. We always pay.","article_modified_time":"2026-04-22T14:55:11+00:00","twitter_card":"summary_large_image","schema":{"@context":"https:\/\/schema.org","@graph":[{"@type":"WebPage","@id":"https:\/\/strifor.org\/es\/instruments-and-specification\/","url":"https:\/\/strifor.org\/es\/instruments-and-specification\/","name":"Trading tools in trading from Strifor multi-bHerramientas de negociaci\u00f3n en el comercio de Strifor multi-broker.","isPartOf":{"@id":"https:\/\/www.strifor.org\/#website"},"datePublished":"2023-01-30T21:15:08+00:00","dateModified":"2026-04-22T14:55:11+00:00","description":"More than 250 trading instruments. Trade fiat instruments, Crypto CFDs, stocks, metals, commodities, indices, Forex offers Strifor multi-broker.M\u00e1s de 250 instrumentos de negociaci\u00f3n. Instrumentos de comercio fiat, Crypto CFDs, acciones, metales, materias primas, \u00edndices, Forex ofrece Strifor multi-broker.","breadcrumb":{"@id":"https:\/\/strifor.org\/es\/instruments-and-specification\/#breadcrumb"},"inLanguage":"es-ES","potentialAction":[{"@type":"ReadAction","target":["https:\/\/strifor.org\/es\/instruments-and-specification\/"]}]},{"@type":"BreadcrumbList","@id":"https:\/\/strifor.org\/es\/instruments-and-specification\/#breadcrumb","itemListElement":[{"@type":"ListItem","position":1,"name":"\u0413\u043b\u0430\u0432\u043d\u0430\u044f \u0441\u0442\u0440\u0430\u043d\u0438\u0446\u0430","item":"https:\/\/strifor.org\/es\/"},{"@type":"ListItem","position":2,"name":"Instruments and Specification"}]},{"@type":"WebSite","@id":"https:\/\/www.strifor.org\/#website","url":"https:\/\/www.strifor.org\/","name":"Strifor - Trading Forex, Crypto CFD. We always pay.","description":"","potentialAction":[{"@type":"SearchAction","target":{"@type":"EntryPoint","urlTemplate":"https:\/\/www.strifor.org\/?s={search_term_string}"},"query-input":{"@type":"PropertyValueSpecification","valueRequired":true,"valueName":"search_term_string"}}],"inLanguage":"es-ES"}]}},"_links":{"self":[{"href":"https:\/\/www.strifor.org\/es\/wp-json\/wp\/v2\/pages\/15","targetHints":{"allow":["GET"]}}],"collection":[{"href":"https:\/\/www.strifor.org\/es\/wp-json\/wp\/v2\/pages"}],"about":[{"href":"https:\/\/www.strifor.org\/es\/wp-json\/wp\/v2\/types\/page"}],"author":[{"embeddable":true,"href":"https:\/\/www.strifor.org\/es\/wp-json\/wp\/v2\/users\/1"}],"replies":[{"embeddable":true,"href":"https:\/\/www.strifor.org\/es\/wp-json\/wp\/v2\/comments?post=15"}],"version-history":[{"count":0,"href":"https:\/\/www.strifor.org\/es\/wp-json\/wp\/v2\/pages\/15\/revisions"}],"wp:attachment":[{"href":"https:\/\/www.strifor.org\/es\/wp-json\/wp\/v2\/media?parent=15"}],"curies":[{"name":"wp","href":"https:\/\/api.w.org\/{rel}","templated":true}]}}