{"id":1379,"date":"2024-08-18T21:28:04","date_gmt":"2024-08-18T18:28:04","guid":{"rendered":"https:\/\/www.strifor.org\/?page_id=1379"},"modified":"2025-07-15T14:31:28","modified_gmt":"2025-07-15T11:31:28","slug":"partnership","status":"publish","type":"page","link":"https:\/\/www.strifor.org\/es\/partnership\/","title":{"rendered":"Partnership"},"content":{"rendered":"","protected":false},"excerpt":{"rendered":"","protected":false},"author":2,"featured_media":0,"parent":0,"menu_order":0,"comment_status":"closed","ping_status":"closed","template":"templates\/partnership.php","meta":{"footnotes":""},"class_list":["post-1379","page","type-page","status-publish","hentry"],"yoast_head":"<!-- This site is optimized with the Yoast SEO plugin v27.4 - https:\/\/yoast.com\/product\/yoast-seo-wordpress\/ -->\n<title>Affiliate trading program from CFD broker Strifor.<\/title>\n<meta name=\"description\" content=\"Strifor trading broker ofrece un programa de afiliados en el que obtendr\u00e1 un porcentaje de la comisi\u00f3n de trading de los clientes que recomiende. Se trata de un trabajo a distancia, con ingresos estables y sin l\u00edmites en los pagos. Hay una calculadora de trading del programa de afiliados.\" \/>\n<meta name=\"robots\" content=\"index, follow, max-snippet:-1, max-image-preview:large, max-video-preview:-1\" \/>\n<link rel=\"canonical\" href=\"https:\/\/www.strifor.org\/es\/partnership\/\" \/>\n<meta property=\"og:locale\" content=\"es_ES\" \/>\n<meta property=\"og:locale:alternate\" content=\"en_US\" \/>\n<meta property=\"og:locale:alternate\" content=\"ru_RU\" \/>\n<meta property=\"og:locale:alternate\" content=\"rs_RS\" \/>\n<meta property=\"og:type\" content=\"article\" \/>\n<meta property=\"og:title\" content=\"Affiliate trading program from CFD broker Strifor.\" \/>\n<meta property=\"og:description\" content=\"Strifor trading broker offers an affiliate program where you get a percentage of the trading commission of the clients you refer. This is a remote job, stable income with no limits on payouts. There is a trading calculator of the referral program.\" \/>\n<meta property=\"og:url\" content=\"https:\/\/www.strifor.org\/es\/partnership\/\" \/>\n<meta property=\"og:site_name\" content=\"Strifor - Trading Forex, Crypto CFD. We always pay.\" \/>\n<meta property=\"article:modified_time\" content=\"2025-07-15T11:31:28+00:00\" \/>\n<meta name=\"twitter:card\" content=\"summary_large_image\" \/>\n<script type=\"application\/ld+json\" class=\"yoast-schema-graph\">{\"@context\":\"https:\\\/\\\/schema.org\",\"@graph\":[{\"@type\":\"WebPage\",\"@id\":\"https:\\\/\\\/www.strifor.org\\\/partnership\\\/\",\"url\":\"https:\\\/\\\/www.strifor.org\\\/partnership\\\/\",\"name\":\"Affiliate trading program from CFD broker Strifor.\",\"isPartOf\":{\"@id\":\"https:\\\/\\\/www.strifor.org\\\/ru\\\/#website\"},\"datePublished\":\"2024-08-18T18:28:04+00:00\",\"dateModified\":\"2025-07-15T11:31:28+00:00\",\"description\":\"Strifor trading broker offers an affiliate program where you get a percentage of the trading commission of the clients you refer. This is a remote job, stable income with no limits on payouts. There is a trading calculator of the referral program.\",\"breadcrumb\":{\"@id\":\"https:\\\/\\\/www.strifor.org\\\/partnership\\\/#breadcrumb\"},\"inLanguage\":\"es-ES\",\"potentialAction\":[{\"@type\":\"ReadAction\",\"target\":[\"https:\\\/\\\/www.strifor.org\\\/partnership\\\/\"]}]},{\"@type\":\"BreadcrumbList\",\"@id\":\"https:\\\/\\\/www.strifor.org\\\/partnership\\\/#breadcrumb\",\"itemListElement\":[{\"@type\":\"ListItem\",\"position\":1,\"name\":\"Home\",\"item\":\"https:\\\/\\\/www.strifor.org\\\/es\\\/\"},{\"@type\":\"ListItem\",\"position\":2,\"name\":\"Partnership\"}]},{\"@type\":\"WebSite\",\"@id\":\"https:\\\/\\\/www.strifor.org\\\/ru\\\/#website\",\"url\":\"https:\\\/\\\/www.strifor.org\\\/ru\\\/\",\"name\":\"Strifor - Trading Forex, CFD, Crypto. We always pay.\",\"description\":\"\",\"publisher\":{\"@id\":\"https:\\\/\\\/www.strifor.org\\\/ru\\\/#organization\"},\"potentialAction\":[{\"@type\":\"SearchAction\",\"target\":{\"@type\":\"EntryPoint\",\"urlTemplate\":\"https:\\\/\\\/www.strifor.org\\\/ru\\\/?s={search_term_string}\"},\"query-input\":{\"@type\":\"PropertyValueSpecification\",\"valueRequired\":true,\"valueName\":\"search_term_string\"}}],\"inLanguage\":\"es-ES\"},{\"@type\":\"Organization\",\"@id\":\"https:\\\/\\\/www.strifor.org\\\/ru\\\/#organization\",\"name\":\"Strifor - Trading Forex, CFD, Crypto. We always pay.\",\"url\":\"https:\\\/\\\/www.strifor.org\\\/ru\\\/\",\"logo\":{\"@type\":\"ImageObject\",\"inLanguage\":\"es-ES\",\"@id\":\"https:\\\/\\\/www.strifor.org\\\/ru\\\/#\\\/schema\\\/logo\\\/image\\\/\",\"url\":\"https:\\\/\\\/www.strifor.org\\\/wp-content\\\/uploads\\\/2024\\\/08\\\/logo-2-1.png\",\"contentUrl\":\"https:\\\/\\\/www.strifor.org\\\/wp-content\\\/uploads\\\/2024\\\/08\\\/logo-2-1.png\",\"width\":98,\"height\":66,\"caption\":\"Strifor - Trading Forex, CFD, Crypto. We always pay.\"},\"image\":{\"@id\":\"https:\\\/\\\/www.strifor.org\\\/ru\\\/#\\\/schema\\\/logo\\\/image\\\/\"}}]}<\/script>\n<!-- \/ Yoast SEO plugin. -->","yoast_head_json":{"title":"Affiliate trading program from CFD broker Strifor.","description":"Strifor trading broker ofrece un programa de afiliados en el que obtendr\u00e1 un porcentaje de la comisi\u00f3n de trading de los clientes que recomiende. Se trata de un trabajo a distancia, con ingresos estables y sin l\u00edmites en los pagos. Hay una calculadora de trading del programa de afiliados.","robots":{"index":"index","follow":"follow","max-snippet":"max-snippet:-1","max-image-preview":"max-image-preview:large","max-video-preview":"max-video-preview:-1"},"canonical":"https:\/\/www.strifor.org\/es\/partnership\/","og_locale":"es_ES","og_type":"article","og_title":"Affiliate trading program from CFD broker Strifor.","og_description":"Strifor trading broker offers an affiliate program where you get a percentage of the trading commission of the clients you refer. This is a remote job, stable income with no limits on payouts. There is a trading calculator of the referral program.","og_url":"https:\/\/www.strifor.org\/es\/partnership\/","og_site_name":"Strifor - Trading Forex, Crypto CFD. We always pay.","article_modified_time":"2025-07-15T11:31:28+00:00","twitter_card":"summary_large_image","schema":{"@context":"https:\/\/schema.org","@graph":[{"@type":"WebPage","@id":"https:\/\/www.strifor.org\/partnership\/","url":"https:\/\/www.strifor.org\/partnership\/","name":"Affiliate trading program from CFD broker Strifor.","isPartOf":{"@id":"https:\/\/www.strifor.org\/ru\/#website"},"datePublished":"2024-08-18T18:28:04+00:00","dateModified":"2025-07-15T11:31:28+00:00","description":"Strifor trading broker offers an affiliate program where you get a percentage of the trading commission of the clients you refer. This is a remote job, stable income with no limits on payouts. There is a trading calculator of the referral program.","breadcrumb":{"@id":"https:\/\/www.strifor.org\/partnership\/#breadcrumb"},"inLanguage":"es-ES","potentialAction":[{"@type":"ReadAction","target":["https:\/\/www.strifor.org\/partnership\/"]}]},{"@type":"BreadcrumbList","@id":"https:\/\/www.strifor.org\/partnership\/#breadcrumb","itemListElement":[{"@type":"ListItem","position":1,"name":"Home","item":"https:\/\/www.strifor.org\/es\/"},{"@type":"ListItem","position":2,"name":"Partnership"}]},{"@type":"WebSite","@id":"https:\/\/www.strifor.org\/ru\/#website","url":"https:\/\/www.strifor.org\/ru\/","name":"Strifor - Trading Forex, CFD, Crypto. We always pay.","description":"","publisher":{"@id":"https:\/\/www.strifor.org\/ru\/#organization"},"potentialAction":[{"@type":"SearchAction","target":{"@type":"EntryPoint","urlTemplate":"https:\/\/www.strifor.org\/ru\/?s={search_term_string}"},"query-input":{"@type":"PropertyValueSpecification","valueRequired":true,"valueName":"search_term_string"}}],"inLanguage":"es-ES"},{"@type":"Organization","@id":"https:\/\/www.strifor.org\/ru\/#organization","name":"Strifor - Trading Forex, CFD, Crypto. We always pay.","url":"https:\/\/www.strifor.org\/ru\/","logo":{"@type":"ImageObject","inLanguage":"es-ES","@id":"https:\/\/www.strifor.org\/ru\/#\/schema\/logo\/image\/","url":"https:\/\/www.strifor.org\/wp-content\/uploads\/2024\/08\/logo-2-1.png","contentUrl":"https:\/\/www.strifor.org\/wp-content\/uploads\/2024\/08\/logo-2-1.png","width":98,"height":66,"caption":"Strifor - Trading Forex, CFD, Crypto. We always pay."},"image":{"@id":"https:\/\/www.strifor.org\/ru\/#\/schema\/logo\/image\/"}}]}},"_links":{"self":[{"href":"https:\/\/www.strifor.org\/es\/wp-json\/wp\/v2\/pages\/1379","targetHints":{"allow":["GET"]}}],"collection":[{"href":"https:\/\/www.strifor.org\/es\/wp-json\/wp\/v2\/pages"}],"about":[{"href":"https:\/\/www.strifor.org\/es\/wp-json\/wp\/v2\/types\/page"}],"author":[{"embeddable":true,"href":"https:\/\/www.strifor.org\/es\/wp-json\/wp\/v2\/users\/2"}],"replies":[{"embeddable":true,"href":"https:\/\/www.strifor.org\/es\/wp-json\/wp\/v2\/comments?post=1379"}],"version-history":[{"count":46,"href":"https:\/\/www.strifor.org\/es\/wp-json\/wp\/v2\/pages\/1379\/revisions"}],"predecessor-version":[{"id":3733,"href":"https:\/\/www.strifor.org\/es\/wp-json\/wp\/v2\/pages\/1379\/revisions\/3733"}],"wp:attachment":[{"href":"https:\/\/www.strifor.org\/es\/wp-json\/wp\/v2\/media?parent=1379"}],"curies":[{"name":"wp","href":"https:\/\/api.w.org\/{rel}","templated":true}]}}